{"id":544,"date":"2018-05-22T12:12:56","date_gmt":"2018-05-22T12:12:56","guid":{"rendered":"http:\/\/www.musikschulepiccolo.de\/wordpress\/?page_id=544"},"modified":"2018-05-23T17:06:05","modified_gmt":"2018-05-23T17:06:05","slug":"datenschutz","status":"publish","type":"page","link":"https:\/\/www.musikschulepiccolo.de\/wordpress\/?page_id=544","title":{"rendered":"Datenschutz"},"content":{"rendered":"<p><strong>Musikschule Piccolo<\/strong><br \/>\nEleonore Werner<br \/>\nBahnhofstr. 5<br \/>\n50259 Pulheim-Stommeln<br \/>\nTel.: 02238-3699<\/p>\n<p><strong>Erkl\u00e4rung zum Datenschutz<\/strong><br \/>\nMusikschule Piccolo nimmt den Schutz Ihrer pers\u00f6nlichen Daten sehr ernst und h\u00e4lt sich strikt an die Regeln der Datenschutzgesetze. Auf dieser Webseite werden personenbezogene Daten nur im technisch notwendigen Umfang erhoben. Erhobene Daten werden in keinem Fall verkauft oder aus anderen Gr\u00fcnden an Dritte weitergegeben.<\/p>\n<p>Wie wir diesen Schutz gew\u00e4hrleisten und welche Art von Daten zu welchem Zweck erhoben werden, dar\u00fcber gibt Ihnen nachfolgende Erkl\u00e4rung einen \u00dcberblick:<\/p>\n<p><strong>Datenverarbeitung auf dieser Internetseite<\/strong><br \/>\nDer Provider dieser Webseite erhebt und speichert automatisch in ihren Server Log Files Informationen, die Ihr Browser an uns \u00fcbermittelt. Dies sind:<br \/>\n&#8211; Browsertyp\/ -version<br \/>\n&#8211; verwendetes Betriebssystem<br \/>\n&#8211; Referrer URL (die zuvor besuchte Seite)<br \/>\n&#8211; Hostname des zugreifenden Rechners (IP Adresse)<br \/>\n&#8211; Uhrzeit der Serveranfrage.<\/p>\n<p>Diese Daten sind nicht bestimmten Personen zuortbar. Eine Zusammenf\u00fchrung dieser Daten mit anderen Datenquellen wird nicht vorgenommen, die Daten werden zudem ohne eine statistischen Auswertung gel\u00f6scht. Lediglich unsere besuchten Seiten werden statistisch ausgewertet.<\/p>\n<p><strong>COOKIES<\/strong><\/p>\n<p>Damit dieses Internetportal ordnungsgem\u00e4\u00df funktioniert, legen wir manchmal kleine Dateien \u2013 sogenannte Cookies \u2013 auf Ihrem Ger\u00e4t ab. Das ist bei den meisten gro\u00dfen Websites \u00fcblich.<\/p>\n<p>Ein Cookie ist eine kleine Textdatei, die ein Webportal auf Ihrem Rechner, Tablet-Computer oder Smartphone hinterl\u00e4sst, wenn Sie es besuchen. So kann sich das Portal bestimmte Eingaben und Einstellungen (z. B. Login, Sprache, Schriftgr\u00f6\u00dfe und andere Anzeigepr\u00e4ferenzen) \u00fcber einen bestimmten Zeitraum \u201emerken\u201c, und Sie brauchen diese nicht bei jedem weiteren Besuch und beim Navigieren im Portal erneut vorzunehmen.<\/p>\n<p>Diese Website benutzt cookies von Google, WordPress und Twitter<\/p>\n<p>Sie k\u00f6nnen Ihren Browser so einstellen, dass dieser \u00fcber das Setzen von Cookies informiert und somit einzeln \u00fcber deren Annahme entscheidest oder die Annahme von Cookies f\u00fcr bestimmte F\u00e4lle oder generell ausschlie\u00dft.<\/p>\n<p>Wenn Sie Cookies nicht akzeptieren wollen stellen Sie Ihren Internet-Browser bitte so ein, dass er Cookies blockiert.<br \/>\n<strong>WELCHE DATEN ERHEBEN WIR?<\/strong><br \/>\nWenn Sie uns eine E-mail schreiben, erheben wir personenbezogene Daten, wie Ihren Namen und Ihre E-Mail-Adresse. Dar\u00fcber hinaus erheben wir keine personenbezogenen Daten, es sei denn, Sie machen diese Angaben freiwillig, etwa im Rahmen einer Anfrage per E-Mail oder Telefon. Die vorgenannten Arten von personenbezogenen Daten werden bei uns gespeichert. Wir erheben und speichern solche personenbezogenen Daten nur, wenn und soweit das Bundesdatenschutzgesetz (BDSG) oder andere anwendbare Rechtsvorschriften dies erlauben oder Sie als Betroffener eingewilligt haben.<\/p>\n<p><strong>WOF\u00dcR WERDEN DIE DATEN VERWENDET?<\/strong><br \/>\nDie von uns erhobenen personenbezogenen Daten verarbeiten wir nur f\u00fcr die Kommunikation mit Ihnen, sowie um Ihre Anfragen zu beantworten oder Ihnen Zugang zu bestimmten Informationen oder Angeboten zu verschaffen.<\/p>\n<p>Wir nutzen Ihre E-Mail-Adresse nicht im Zusammenhang Ihnen Werbung per E-Mail zuzusenden.<\/p>\n<p><strong>Die Speicherdauer<\/strong><br \/>\nPersonenbezogene Daten, die uns \u00fcber unsere Seite mitgeteilt worden sind, werden nur so lange gespeichert, bis der Zweck erf\u00fcllt ist, zu dem sie uns anvertraut wurden. Soweit gesetzliche, insbesondere handels- und steuerrechtliche Aufbewahrungsfristen zu beachten sind, kann die Speicherdauer zu bestimmten Daten bis zu 10 Jahre betragen. Ansonsten werden die Daten automatisch vom Server gel\u00f6scht.<\/p>\n<p><strong>DIENSTE UND INHALTE DRITTER<\/strong><br \/>\nInnerhalb unserer Webseite sind Inhalte Dritter angeboten, wie zum Beispiel Videos von YouTube, Kartenmaterial von Google-Maps und Twitter-Feeds. Dies setzt immer voraus, dass die Anbieter dieser Inhalte (nachfolgend bezeichnet als \u201cDritt-Anbieter\u201d) die IP-Adresse der Nutzer wahrnehmen. Denn ohne die IP-Adresse k\u00f6nnten sie die Inhalte nicht an den Browser des jeweiligen Nutzers senden. Die IP-Adresse ist damit f\u00fcr die Darstellung dieser Inhalte erforderlich. Wir bem\u00fchen uns nur solche Inhalte zu verwenden, deren jeweilige Anbieter die IP-Adresse lediglich zur Auslieferung der Inhalte verwenden. Jedoch haben wir keinen Einfluss darauf, falls die Dritt-Anbieter die IP-Adresse z.B. f\u00fcr statistische Zwecke speichern. Soweit uns dies bekannt ist, kl\u00e4ren wir die Nutzer dar\u00fcber auf.<\/p>\n<p><strong>YOUTUBE VIDEO PLUGIN<\/strong><br \/>\nAuf dieser Webseite werden Inhalte dritter Anbieter eingebunden. Diese Inhalte werden von Google Inc zur Verf\u00fcgung gestellt (\u201eAnbieter\u201c). YouTube wird betrieben von der Google Inc., 1600 Amphitheatre Parkway, Mountain View, CA 94043, USA (\u201eGoogle\u201c). Bei Videos von YouTube, die auf unserer Seite eingebunden sind, ist die erweiterte Datenschutzeinstellung aktiviert. Das bedeutet, dass keine Informationen von Webseitenbesuchern bei YouTube erhoben und gespeichert werden, es sei denn, diese spielen das Video ab. Zweck und Umfang der Datenerhebung und die weitere Verarbeitung und Nutzung der Daten durch die Anbieter sowie Ihre diesbez\u00fcglichen Rechte und Einstellungsm\u00f6glichkeiten zum Schutz Ihrer Privatsph\u00e4re entnehmen Sie bitte den Datenschutzhinweisen von Google: http:\/\/www.google.com\/intl\/de\/+\/policy\/+1button.html.<br \/>\n<strong>\u00c4NDERUNG DIESER DATENSCHUTZHINWEISE<\/strong><br \/>\nWir behalten uns vor, diese Datenschutzhinweise zu \u00e4ndern. \u00c4nderungen geben wir rechtzeitig auf unserer Website bekannt. Wir empfehlen Dir, die Website regelm\u00e4\u00dfig auf zu rufen, um Ihnen \u00fcber den aktuellen Stand der Datenschutzhinweise zu informieren. Soweit eine bestimmte Art der Datenverwendung von Deiner Einwilligung abh\u00e4ngig ist und sich eine \u00c4nderung dieser Datenschutzhinweise auf die betreffende Datenverwendung auswirkt, werden wir \u2013 soweit gesetzlich erforderlich \u2013 bei solchen \u00c4nderungen erneut Deine Zustimmung einholen.<\/p>\n<p><strong>Auskunftsrecht<\/strong><\/p>\n<p>Sie haben jederzeit das Recht auf Auskunft \u00fcber die gespeicherten Daten bez\u00fcglich Ihrer Person, deren Herkunft, Empf\u00e4nger sowie den Zweck der Speicherung.<\/p>\n<p><strong>Weitere Informationen<\/strong><br \/>\nIhr Vertrauen ist uns wichtig. Daher m\u00f6chte ich Ihnen jederzeit Rede und Antwort stehen bez\u00fcglich der Verarbeitung Ihrer personenbezogenen Daten. Haben Sie Fragen, die Ihnen diese Datenschutzerkl\u00e4rung nicht beantworten konnte oder w\u00fcnschen Sie zu einem Punkt vertiefte Informationen? Dann wenden Sie sich bitte an:\u00a0<a href=\"http:\/\/www.musikschulepiccolo.de\/wordpress\/?page_id=20\">Kontakt Musikschule Piccolo<\/a><\/p>\n","protected":false},"excerpt":{"rendered":"<p>Musikschule Piccolo Eleonore Werner Bahnhofstr. 5 50259 Pulheim-Stommeln Tel.: 02238-3699 Erkl\u00e4rung zum Datenschutz Musikschule Piccolo nimmt den Schutz Ihrer pers\u00f6nlichen Daten sehr ernst und h\u00e4lt sich strikt an die Regeln der Datenschutzgesetze. Auf dieser Webseite werden personenbezogene Daten nur im &hellip; <a href=\"https:\/\/www.musikschulepiccolo.de\/wordpress\/?page_id=544\">Weiterlesen <span class=\"meta-nav\">&rarr;<\/span><\/a><\/p>\n","protected":false},"author":1,"featured_media":0,"parent":0,"menu_order":0,"comment_status":"closed","ping_status":"open","template":"","meta":[],"_links":{"self":[{"href":"https:\/\/www.musikschulepiccolo.de\/wordpress\/index.php?rest_route=\/wp\/v2\/pages\/544"}],"collection":[{"href":"https:\/\/www.musikschulepiccolo.de\/wordpress\/index.php?rest_route=\/wp\/v2\/pages"}],"about":[{"href":"https:\/\/www.musikschulepiccolo.de\/wordpress\/index.php?rest_route=\/wp\/v2\/types\/page"}],"author":[{"embeddable":true,"href":"https:\/\/www.musikschulepiccolo.de\/wordpress\/index.php?rest_route=\/wp\/v2\/users\/1"}],"replies":[{"embeddable":true,"href":"https:\/\/www.musikschulepiccolo.de\/wordpress\/index.php?rest_route=%2Fwp%2Fv2%2Fcomments&post=544"}],"version-history":[{"count":6,"href":"https:\/\/www.musikschulepiccolo.de\/wordpress\/index.php?rest_route=\/wp\/v2\/pages\/544\/revisions"}],"predecessor-version":[{"id":555,"href":"https:\/\/www.musikschulepiccolo.de\/wordpress\/index.php?rest_route=\/wp\/v2\/pages\/544\/revisions\/555"}],"wp:attachment":[{"href":"https:\/\/www.musikschulepiccolo.de\/wordpress\/index.php?rest_route=%2Fwp%2Fv2%2Fmedia&parent=544"}],"curies":[{"name":"wp","href":"https:\/\/api.w.org\/{rel}","templated":true}]}}