{"id":16,"date":"2012-04-26T16:13:53","date_gmt":"2012-04-26T16:13:53","guid":{"rendered":"http:\/\/www.musikschulepiccolo.de\/wordpress\/?page_id=16"},"modified":"2022-02-07T13:13:54","modified_gmt":"2022-02-07T13:13:54","slug":"musikschule-piccolo","status":"publish","type":"page","link":"https:\/\/www.musikschulepiccolo.de\/wordpress\/","title":{"rendered":"Musikschule Piccolo"},"content":{"rendered":"<h1>Ohne Musik w\u00e4re das Leben ein Irrtum \u2013<\/h1>\n<p>sagte schon Friedrich Nietzsche.<br \/>\nUnd wir stimmen ihm aus vollstem Herzen zu!<br \/>\nDie Musikschule Piccolo ist nun seit \u00fcber 30 Jahren die Anlaufstelle f\u00fcr Musik in Stommeln.<br \/>\nIn einem farbenfrohen Ambiente wird Musikunterricht f\u00fcr Jung und Alt von <a href=\"http:\/\/www.musikschulepiccolo.de\/wordpress\/?page_id=2\">examinierten Musikp\u00e4dagogen<\/a> angeboten. Von musikalischer Fr\u00fcherziehung bis hin zum Instrumentalunterricht &#8211; ob Einzel- oder Gruppenunterricht \u2013 von vormittags bis abends.<br \/>\nJedem Musikfreund, ob Anf\u00e4nger oder Fortgeschrittenem, wird durch das <a href=\"http:\/\/www.musikschulepiccolo.de\/wordpress\/?page_id=11\">vielseitige Instrumentenangebot<\/a>\u00a0und dem individuell <a href=\"http:\/\/www.musikschulepiccolo.de\/wordpress\/?page_id=145\">abgestimmten Unterricht<\/a>\u00a0der Musikschule Piccolo die M\u00f6glichkeit gegeben, das Leben musikalisch zu begleiten.<\/p>\n<h1>Die Musik dr\u00fcckt das aus, was nicht gesagt werden kann und wor\u00fcber zu schweigen unm\u00f6glich ist.<\/h1>\n<p><span style=\"color: #888888;\">(Victor Hugo)<\/span><\/p>\n<p>Wir wollen die <a href=\"http:\/\/www.musikschulepiccolo.de\/wordpress\/?page_id=23\">Musik gemeinsam erleben<\/a>:<br \/>\nEs finden regelm\u00e4\u00dfig Vorspiele, Workshops und unterschiedliche Darbietungen in den R\u00e4umlichkeiten der Musikschule Piccolo statt.<br \/>\nIm Sommer bietet das eigene Amphitheater eine tolle B\u00fchne f\u00fcr die Auftritte von Jung und Alt.<br \/>\nZudem gibt es jedes Jahr ein Dozentenkonzert, dessen Einnahmen einem sozialen Zweck zu Gute kommen.<\/p>\n<p>Wir freuen uns Sie \/ euch \/ dich kennenzulernen!<\/p>\n","protected":false},"excerpt":{"rendered":"<p>Ohne Musik w\u00e4re das Leben ein Irrtum \u2013 sagte schon Friedrich Nietzsche. Und wir stimmen ihm aus vollstem Herzen zu! Die Musikschule Piccolo ist nun seit \u00fcber 30 Jahren die Anlaufstelle f\u00fcr Musik in Stommeln. In einem farbenfrohen Ambiente wird &hellip; <a href=\"https:\/\/www.musikschulepiccolo.de\/wordpress\/\">Weiterlesen <span class=\"meta-nav\">&rarr;<\/span><\/a><\/p>\n","protected":false},"author":1,"featured_media":0,"parent":0,"menu_order":0,"comment_status":"closed","ping_status":"open","template":"","meta":[],"_links":{"self":[{"href":"https:\/\/www.musikschulepiccolo.de\/wordpress\/index.php?rest_route=\/wp\/v2\/pages\/16"}],"collection":[{"href":"https:\/\/www.musikschulepiccolo.de\/wordpress\/index.php?rest_route=\/wp\/v2\/pages"}],"about":[{"href":"https:\/\/www.musikschulepiccolo.de\/wordpress\/index.php?rest_route=\/wp\/v2\/types\/page"}],"author":[{"embeddable":true,"href":"https:\/\/www.musikschulepiccolo.de\/wordpress\/index.php?rest_route=\/wp\/v2\/users\/1"}],"replies":[{"embeddable":true,"href":"https:\/\/www.musikschulepiccolo.de\/wordpress\/index.php?rest_route=%2Fwp%2Fv2%2Fcomments&post=16"}],"version-history":[{"count":23,"href":"https:\/\/www.musikschulepiccolo.de\/wordpress\/index.php?rest_route=\/wp\/v2\/pages\/16\/revisions"}],"predecessor-version":[{"id":633,"href":"https:\/\/www.musikschulepiccolo.de\/wordpress\/index.php?rest_route=\/wp\/v2\/pages\/16\/revisions\/633"}],"wp:attachment":[{"href":"https:\/\/www.musikschulepiccolo.de\/wordpress\/index.php?rest_route=%2Fwp%2Fv2%2Fmedia&parent=16"}],"curies":[{"name":"wp","href":"https:\/\/api.w.org\/{rel}","templated":true}]}}