{"id":145,"date":"2013-10-28T13:24:01","date_gmt":"2013-10-28T13:24:01","guid":{"rendered":"http:\/\/www.musikschulepiccolo.de\/wordpress\/?page_id=145"},"modified":"2022-02-07T13:58:31","modified_gmt":"2022-02-07T13:58:31","slug":"unterricht","status":"publish","type":"page","link":"https:\/\/www.musikschulepiccolo.de\/wordpress\/?page_id=145","title":{"rendered":"Unterricht"},"content":{"rendered":"<h1>Unterrichtsformen<\/h1>\n<p>Jeder Mensch lernt anders und wir versuchen, gemeinsam mit dem Sch\u00fcler die beste Unterrichtsform zu finden. Ob Gruppenunterricht, Einzelunterricht, ob w\u00f6chentlich oder ab und zu. Rufen Sie uns an und wir \u00fcberlegen was am Besten passt.<br \/>\nIn unserem Probemonat k\u00f6nnen Sie auch erstmal testen, ob das Instrument und die Unterrichtsweise f\u00fcr Sie stimmig sind.<\/p>\n<p><strong>Folgende Unterrichtsmodelle haben wir momentan im Angebot:<\/strong><\/p>\n<p><strong>Einzelunterricht:<\/strong><br \/>\n30 Min, 45 Min, 60 Min<\/p>\n<p><strong>Kleingruppen (max. 4 Sch\u00fcler):<\/strong><br \/>\n30 Min, 45 Min<\/p>\n<p><strong>Gruppenunterricht (max. 8 Sch\u00fcler):<\/strong><br \/>\n45 Min<\/p>\n","protected":false},"excerpt":{"rendered":"<p>Unterrichtsformen Jeder Mensch lernt anders und wir versuchen, gemeinsam mit dem Sch\u00fcler die beste Unterrichtsform zu finden. Ob Gruppenunterricht, Einzelunterricht, ob w\u00f6chentlich oder ab und zu. Rufen Sie uns an und wir \u00fcberlegen was am Besten passt. In unserem Probemonat &hellip; <a href=\"https:\/\/www.musikschulepiccolo.de\/wordpress\/?page_id=145\">Weiterlesen <span class=\"meta-nav\">&rarr;<\/span><\/a><\/p>\n","protected":false},"author":1,"featured_media":0,"parent":0,"menu_order":0,"comment_status":"closed","ping_status":"open","template":"","meta":[],"_links":{"self":[{"href":"https:\/\/www.musikschulepiccolo.de\/wordpress\/index.php?rest_route=\/wp\/v2\/pages\/145"}],"collection":[{"href":"https:\/\/www.musikschulepiccolo.de\/wordpress\/index.php?rest_route=\/wp\/v2\/pages"}],"about":[{"href":"https:\/\/www.musikschulepiccolo.de\/wordpress\/index.php?rest_route=\/wp\/v2\/types\/page"}],"author":[{"embeddable":true,"href":"https:\/\/www.musikschulepiccolo.de\/wordpress\/index.php?rest_route=\/wp\/v2\/users\/1"}],"replies":[{"embeddable":true,"href":"https:\/\/www.musikschulepiccolo.de\/wordpress\/index.php?rest_route=%2Fwp%2Fv2%2Fcomments&post=145"}],"version-history":[{"count":3,"href":"https:\/\/www.musikschulepiccolo.de\/wordpress\/index.php?rest_route=\/wp\/v2\/pages\/145\/revisions"}],"predecessor-version":[{"id":649,"href":"https:\/\/www.musikschulepiccolo.de\/wordpress\/index.php?rest_route=\/wp\/v2\/pages\/145\/revisions\/649"}],"wp:attachment":[{"href":"https:\/\/www.musikschulepiccolo.de\/wordpress\/index.php?rest_route=%2Fwp%2Fv2%2Fmedia&parent=145"}],"curies":[{"name":"wp","href":"https:\/\/api.w.org\/{rel}","templated":true}]}}